{"id":1183,"date":"2021-01-25T14:09:20","date_gmt":"2021-01-25T13:09:20","guid":{"rendered":"http:\/\/pingouinartiste.net\/?page_id=1183"},"modified":"2021-12-01T19:45:09","modified_gmt":"2021-12-01T18:45:09","slug":"produits-services","status":"publish","type":"page","link":"https:\/\/pingouinartiste.net\/index.php\/produits-services\/","title":{"rendered":"Produits &#038; services"},"content":{"rendered":"\t\t<div data-elementor-type=\"wp-page\" data-elementor-id=\"1183\" class=\"elementor elementor-1183\">\n\t\t\t\t\t\t<section class=\"elementor-section elementor-top-section elementor-element elementor-element-62490f2 elementor-section-full_width elementor-section-height-min-height elementor-section-content-space-evenly elementor-section-height-default elementor-section-items-middle\" data-id=\"62490f2\" data-element_type=\"section\">\n\t\t\t\t\t\t<div class=\"elementor-container elementor-column-gap-default\">\n\t\t\t\t\t<div class=\"elementor-column elementor-col-100 elementor-top-column elementor-element elementor-element-b08708a\" data-id=\"b08708a\" data-element_type=\"column\">\n\t\t\t<div class=\"elementor-widget-wrap elementor-element-populated\">\n\t\t\t\t\t\t<div class=\"elementor-element elementor-element-83b01aa elementor-widget elementor-widget-text-editor\" data-id=\"83b01aa\" data-element_type=\"widget\" data-widget_type=\"text-editor.default\">\n\t\t\t\t<div class=\"elementor-widget-container\">\n\t\t\t\t\t\t\t\t\t<p style=\"text-align: center;\"><span style=\"text-align: center; font-size: 16px;\">Je prends les <\/span><span style=\"color: #adca2f;\"><strong>commandes d&rsquo;illustrations<\/strong><\/span><span style=\"text-align: center; font-size: 16px;\"> pour clients <\/span><span style=\"color: #adca2f;\"><strong>professionnels<\/strong> et <strong>particuliers<\/strong><\/span><span style=\"text-align: center; font-size: 16px;\"> ainsi que pour d&rsquo;autres cr\u00e9ations personnalisables comme la <\/span><span style=\"color: #adca2f;\"><strong>carterie<\/strong><\/span><span style=\"text-align: center; font-size: 16px;\">.<\/span><\/p><p style=\"text-align: center;\">N&rsquo;h\u00e9sitez pas \u00e0 consulter les d\u00e9tails ci-dessous et \u00e0 me contacter via <strong><span style=\"color: #adca2f;\">le\u00a0formulaire en<\/span> <span style=\"color: #adca2f;\">ligne<\/span><\/strong> pour tout renseignement sur un produit cit\u00e9 ou \u00e9tablir un devis.<\/p>\t\t\t\t\t\t\t\t<\/div>\n\t\t\t\t<\/div>\n\t\t\t\t<div class=\"elementor-element elementor-element-20dc5ed elementor-align-center elementor-widget elementor-widget-button\" data-id=\"20dc5ed\" data-element_type=\"widget\" data-widget_type=\"button.default\">\n\t\t\t\t<div class=\"elementor-widget-container\">\n\t\t\t\t\t\t\t\t\t<div class=\"elementor-button-wrapper\">\n\t\t\t\t\t<a class=\"elementor-button elementor-button-link elementor-size-md\" href=\"\">\n\t\t\t\t\t\t<span class=\"elementor-button-content-wrapper\">\n\t\t\t\t\t\t\t\t\t<span class=\"elementor-button-text\">Formulaire de contact<\/span>\n\t\t\t\t\t<\/span>\n\t\t\t\t\t<\/a>\n\t\t\t\t<\/div>\n\t\t\t\t\t\t\t\t<\/div>\n\t\t\t\t<\/div>\n\t\t\t\t\t<\/div>\n\t\t<\/div>\n\t\t\t\t\t<\/div>\n\t\t<\/section>\n\t\t\t\t<section class=\"elementor-section elementor-top-section elementor-element elementor-element-64948fc elementor-section-boxed elementor-section-height-default elementor-section-height-default\" data-id=\"64948fc\" data-element_type=\"section\">\n\t\t\t\t\t\t<div class=\"elementor-container elementor-column-gap-default\">\n\t\t\t\t\t<div class=\"elementor-column elementor-col-100 elementor-top-column elementor-element elementor-element-de00914\" data-id=\"de00914\" data-element_type=\"column\">\n\t\t\t<div class=\"elementor-widget-wrap elementor-element-populated\">\n\t\t\t\t\t\t<div class=\"elementor-element elementor-element-f1ec523 elementor-widget elementor-widget-spacer\" data-id=\"f1ec523\" data-element_type=\"widget\" data-widget_type=\"spacer.default\">\n\t\t\t\t<div class=\"elementor-widget-container\">\n\t\t\t\t\t\t\t<div class=\"elementor-spacer\">\n\t\t\t<div class=\"elementor-spacer-inner\"><\/div>\n\t\t<\/div>\n\t\t\t\t\t\t<\/div>\n\t\t\t\t<\/div>\n\t\t\t\t<div class=\"elementor-element elementor-element-e0c741d elementor-widget elementor-widget-text-editor\" data-id=\"e0c741d\" data-element_type=\"widget\" data-widget_type=\"text-editor.default\">\n\t\t\t\t<div class=\"elementor-widget-container\">\n\t\t\t\t\t\t\t\t\t<p style=\"text-align: center;\">J&rsquo;ai \u00e9galement <span style=\"color: #adca2f;\"><strong>une boutique en<\/strong><\/span> <strong><span style=\"color: #adca2f;\">ligne<\/span><\/strong> o\u00f9 je vends des produits d\u00e9j\u00e0 pr\u00eats (illustration et carterie).<\/p><p style=\"text-align: center;\">Pour la <strong><span style=\"color: #adca2f;\">visite<\/span><\/strong>, c&rsquo;est par ici!\u00a0<\/p>\t\t\t\t\t\t\t\t<\/div>\n\t\t\t\t<\/div>\n\t\t\t\t\t<\/div>\n\t\t<\/div>\n\t\t\t\t\t<\/div>\n\t\t<\/section>\n\t\t\t\t<section class=\"elementor-section elementor-top-section elementor-element elementor-element-3047577 elementor-section-boxed elementor-section-height-default elementor-section-height-default\" data-id=\"3047577\" data-element_type=\"section\">\n\t\t\t\t\t\t<div class=\"elementor-container elementor-column-gap-default\">\n\t\t\t\t\t<div class=\"elementor-column elementor-col-100 elementor-top-column elementor-element elementor-element-db786dd\" data-id=\"db786dd\" data-element_type=\"column\">\n\t\t\t<div class=\"elementor-widget-wrap elementor-element-populated\">\n\t\t\t\t\t\t<div class=\"elementor-element elementor-element-f7f4cb4 elementor-align-center elementor-widget elementor-widget-button\" data-id=\"f7f4cb4\" data-element_type=\"widget\" data-widget_type=\"button.default\">\n\t\t\t\t<div class=\"elementor-widget-container\">\n\t\t\t\t\t\t\t\t\t<div class=\"elementor-button-wrapper\">\n\t\t\t\t\t<a class=\"elementor-button elementor-button-link elementor-size-md\" href=\"https:\/\/pingouinartiste.net\/index.php\/boutique\/\">\n\t\t\t\t\t\t<span class=\"elementor-button-content-wrapper\">\n\t\t\t\t\t\t\t\t\t<span class=\"elementor-button-text\">Boutique<\/span>\n\t\t\t\t\t<\/span>\n\t\t\t\t\t<\/a>\n\t\t\t\t<\/div>\n\t\t\t\t\t\t\t\t<\/div>\n\t\t\t\t<\/div>\n\t\t\t\t<div class=\"elementor-element elementor-element-8299fdb elementor-widget elementor-widget-image\" data-id=\"8299fdb\" data-element_type=\"widget\" data-widget_type=\"image.default\">\n\t\t\t\t<div class=\"elementor-widget-container\">\n\t\t\t\t\t\t\t\t\t\t\t\t\t\t\t<img fetchpriority=\"high\" decoding=\"async\" width=\"842\" height=\"595\" src=\"https:\/\/pingouinartiste.net\/wp-content\/uploads\/2021\/11\/Assemblage-produits-services.jpg\" class=\"attachment-large size-large wp-image-1697\" alt=\"Assemblage d&#039;illustrations\" srcset=\"https:\/\/pingouinartiste.net\/wp-content\/uploads\/2021\/11\/Assemblage-produits-services.jpg 842w, https:\/\/pingouinartiste.net\/wp-content\/uploads\/2021\/11\/Assemblage-produits-services-600x424.jpg 600w, https:\/\/pingouinartiste.net\/wp-content\/uploads\/2021\/11\/Assemblage-produits-services-768x543.jpg 768w, https:\/\/pingouinartiste.net\/wp-content\/uploads\/2021\/11\/Assemblage-produits-services-85x60.jpg 85w\" sizes=\"(max-width: 842px) 100vw, 842px\" \/>\t\t\t\t\t\t\t\t\t\t\t\t\t\t\t<\/div>\n\t\t\t\t<\/div>\n\t\t\t\t<div class=\"elementor-element elementor-element-1f2985e elementor-widget elementor-widget-text-editor\" data-id=\"1f2985e\" data-element_type=\"widget\" data-widget_type=\"text-editor.default\">\n\t\t\t\t<div class=\"elementor-widget-container\">\n\t\t\t\t\t\t\t\t\t<h4><span style=\"color: #adca2f;\">Commandes\/Demandes personnalis\u00e9es<\/span><\/h4><h4>Illustrations<strong style=\"color: var( --e-global-color-text ); font-family: var( --e-global-typography-text-font-family ), Sans-serif;\">\u00a0<\/strong><\/h4><p>\u00a0vous souhaitez faire une <span style=\"color: #adca2f;\"><strong>commande<\/strong><\/span> d&rsquo;illustration, vous avez un <span style=\"color: #adca2f;\"><strong>projet<\/strong><\/span> d&rsquo;illustration qui vous tient \u00e0 c\u0153ur ? Pr\u00e9sentez-moi les d\u00e9tails de votre demande via le <span style=\"color: #adca2f;\"><strong>formulaire de contact<\/strong>.<\/span><\/p><h4><strong>Carterie<\/strong><\/h4><p>Je peux r\u00e9pondre \u00e0 une <span style=\"color: #adca00;\"><strong>demande sur mesure<\/strong><\/span> pour la r\u00e9alisation d&rsquo;une carte selon vos envies ou un \u00e9v\u00e9nement particulier (No\u00ebl, P\u00e2ques, anniversaire, etc).<\/p><p><b>Comment se d\u00e9roule une commande?<\/b><\/p><p>Faites-moi part de votre <strong><span style=\"color: #adca2f;\">projet<\/span><\/strong> en d\u00e9tails via le formulaire de contact.\u00a0<\/p><p>Un r\u00e9sum\u00e9 du projet et de la <strong><span style=\"color: #adca2f;\">commande<\/span><\/strong> vous sera transmis sous la forme d&rsquo;un <strong><span style=\"color: #adca2f;\">devis<\/span><\/strong> \u00e0 signer.<\/p><p>Il n&rsquo; y a pas de contraintes particuli\u00e8res pour le<strong><span style=\"color: #adca2f;\"> format<\/span> <\/strong>de l&rsquo;illustration ou de la carte.<\/p><p>Pour la <strong><span style=\"color: #adca2f;\">carterie<\/span><\/strong>, je travaille en <strong><span style=\"color: #adca2f;\">14,6 x 14,6 cm<\/span><\/strong> ou en <strong><span style=\"color: #adca2f;\">11,5 x<\/span> <span style=\"color: #adca2f;\">17cm<\/span><\/strong>, mais si vous d\u00e9sirez un autre format n&rsquo;h\u00e9sitez pas \u00e0 en faire la demande.<\/p>\t\t\t\t\t\t\t\t<\/div>\n\t\t\t\t<\/div>\n\t\t\t\t\t<\/div>\n\t\t<\/div>\n\t\t\t\t\t<\/div>\n\t\t<\/section>\n\t\t\t\t<section class=\"elementor-section elementor-top-section elementor-element elementor-element-aaa1cd8 elementor-section-boxed elementor-section-height-default elementor-section-height-default\" data-id=\"aaa1cd8\" data-element_type=\"section\">\n\t\t\t\t\t\t<div class=\"elementor-container elementor-column-gap-default\">\n\t\t\t\t\t<div class=\"elementor-column elementor-col-100 elementor-top-column elementor-element elementor-element-80837c4\" data-id=\"80837c4\" data-element_type=\"column\">\n\t\t\t<div class=\"elementor-widget-wrap elementor-element-populated\">\n\t\t\t\t\t\t<div class=\"elementor-element elementor-element-038488a elementor-widget elementor-widget-text-editor\" data-id=\"038488a\" data-element_type=\"widget\" data-widget_type=\"text-editor.default\">\n\t\t\t\t<div class=\"elementor-widget-container\">\n\t\t\t\t\t\t\t\t\t<h4><strong>Paiement<\/strong><\/h4><p>Le <strong><span style=\"color: #adca2f;\">paiement<\/span><\/strong> peut se faire par virement ou par ch\u00e8que. Le montant total d\u00e9pendant de la prestation et du type de produit, les tarifs seront indiqu\u00e9s dans le devis et prendront \u00e9galement en cons\u00e9quence <strong><span style=\"color: #adca2f;\">le format<\/span><\/strong> et la <span style=\"color: #adca2f;\"><strong>technique<\/strong><\/span> envisag\u00e9e.\u00a0<\/p>\t\t\t\t\t\t\t\t<\/div>\n\t\t\t\t<\/div>\n\t\t\t\t\t<\/div>\n\t\t<\/div>\n\t\t\t\t\t<\/div>\n\t\t<\/section>\n\t\t\t\t<section class=\"elementor-section elementor-top-section elementor-element elementor-element-5e5fd80 elementor-section-boxed elementor-section-height-default elementor-section-height-default\" data-id=\"5e5fd80\" data-element_type=\"section\">\n\t\t\t\t\t\t<div class=\"elementor-container elementor-column-gap-default\">\n\t\t\t\t\t<div class=\"elementor-column elementor-col-100 elementor-top-column elementor-element elementor-element-04ec9a9\" data-id=\"04ec9a9\" data-element_type=\"column\">\n\t\t\t<div class=\"elementor-widget-wrap elementor-element-populated\">\n\t\t\t\t\t\t<div class=\"elementor-element elementor-element-840b5a8 elementor-widget elementor-widget-image\" data-id=\"840b5a8\" data-element_type=\"widget\" data-widget_type=\"image.default\">\n\t\t\t\t<div class=\"elementor-widget-container\">\n\t\t\t\t\t\t\t\t\t\t\t\t<figure class=\"wp-caption\">\n\t\t\t\t\t\t\t\t\t\t<img decoding=\"async\" width=\"842\" height=\"595\" src=\"https:\/\/pingouinartiste.net\/wp-content\/uploads\/2021\/01\/Assemblage-cartes-de-voeux-1.jpg\" class=\"attachment-medium size-medium wp-image-1230\" alt=\"Diff\u00e9rents types de cartes de voeux (No\u00ebl, sur papier vintage, Halloween)\" srcset=\"https:\/\/pingouinartiste.net\/wp-content\/uploads\/2021\/01\/Assemblage-cartes-de-voeux-1.jpg 842w, https:\/\/pingouinartiste.net\/wp-content\/uploads\/2021\/01\/Assemblage-cartes-de-voeux-1-600x424.jpg 600w, https:\/\/pingouinartiste.net\/wp-content\/uploads\/2021\/01\/Assemblage-cartes-de-voeux-1-768x543.jpg 768w, https:\/\/pingouinartiste.net\/wp-content\/uploads\/2021\/01\/Assemblage-cartes-de-voeux-1-85x60.jpg 85w\" sizes=\"(max-width: 842px) 100vw, 842px\" \/>\t\t\t\t\t\t\t\t\t\t\t<figcaption class=\"widget-image-caption wp-caption-text\">Diff\u00e9rents exemples de cartes (No\u00ebl, Halloween, sur papier bruni ancien)<\/figcaption>\n\t\t\t\t\t\t\t\t\t\t<\/figure>\n\t\t\t\t\t\t\t\t\t<\/div>\n\t\t\t\t<\/div>\n\t\t\t\t\t<\/div>\n\t\t<\/div>\n\t\t\t\t\t<\/div>\n\t\t<\/section>\n\t\t\t\t<\/div>\n\t\t","protected":false},"excerpt":{"rendered":"<p>Je prends les commandes d&rsquo;illustrations pour clients professionnels et particuliers ainsi que pour d&rsquo;autres cr\u00e9ations personnalisables comme la carterie. N&rsquo;h\u00e9sitez pas \u00e0 consulter les d\u00e9tails ci-dessous et \u00e0 me contacter &hellip; <\/p>\n","protected":false},"author":1,"featured_media":0,"parent":0,"menu_order":0,"comment_status":"closed","ping_status":"closed","template":"","meta":{"_monsterinsights_skip_tracking":false,"_monsterinsights_sitenote_active":false,"_monsterinsights_sitenote_note":"","_monsterinsights_sitenote_category":0,"footnotes":""},"class_list":["post-1183","page","type-page","status-publish","hentry"],"yoast_head":"<!-- This site is optimized with the Yoast SEO plugin v26.5 - https:\/\/yoast.com\/wordpress\/plugins\/seo\/ -->\n<title>Produits &amp; services - Le Pingouin Artiste - Illustratrice freelance Paris<\/title>\n<meta name=\"description\" content=\"Je prends les commandes d\u2019illustrations pour clients professionnels et particuliers ainsi que pour d\u2019autres cr\u00e9ations personnalisables comme la carterie.\" \/>\n<meta name=\"robots\" content=\"index, follow, max-snippet:-1, max-image-preview:large, max-video-preview:-1\" \/>\n<link rel=\"canonical\" href=\"https:\/\/pingouinartiste.net\/index.php\/produits-services\/\" \/>\n<meta property=\"og:locale\" content=\"fr_FR\" \/>\n<meta property=\"og:type\" content=\"article\" \/>\n<meta property=\"og:title\" content=\"Produits &amp; services - Le Pingouin Artiste - Illustratrice freelance Paris\" \/>\n<meta property=\"og:description\" content=\"Je prends les commandes d\u2019illustrations pour clients professionnels et particuliers ainsi que pour d\u2019autres cr\u00e9ations personnalisables comme la carterie.\" \/>\n<meta property=\"og:url\" content=\"https:\/\/pingouinartiste.net\/index.php\/produits-services\/\" \/>\n<meta property=\"og:site_name\" content=\"Le Pingouin Artiste\" \/>\n<meta property=\"article:modified_time\" content=\"2021-12-01T18:45:09+00:00\" \/>\n<meta property=\"og:image\" content=\"https:\/\/pingouinartiste.net\/wp-content\/uploads\/2021\/11\/Assemblage-produits-services.jpg\" \/>\n<meta name=\"twitter:card\" content=\"summary_large_image\" \/>\n<meta name=\"twitter:label1\" content=\"Dur\u00e9e de lecture estim\u00e9e\" \/>\n\t<meta name=\"twitter:data1\" content=\"2 minutes\" \/>\n<script type=\"application\/ld+json\" class=\"yoast-schema-graph\">{\"@context\":\"https:\/\/schema.org\",\"@graph\":[{\"@type\":\"WebPage\",\"@id\":\"https:\/\/pingouinartiste.net\/index.php\/produits-services\/\",\"url\":\"https:\/\/pingouinartiste.net\/index.php\/produits-services\/\",\"name\":\"Produits & services - Le Pingouin Artiste - Illustratrice freelance Paris\",\"isPartOf\":{\"@id\":\"https:\/\/pingouinartiste.net\/#website\"},\"primaryImageOfPage\":{\"@id\":\"https:\/\/pingouinartiste.net\/index.php\/produits-services\/#primaryimage\"},\"image\":{\"@id\":\"https:\/\/pingouinartiste.net\/index.php\/produits-services\/#primaryimage\"},\"thumbnailUrl\":\"https:\/\/pingouinartiste.net\/wp-content\/uploads\/2021\/11\/Assemblage-produits-services.jpg\",\"datePublished\":\"2021-01-25T13:09:20+00:00\",\"dateModified\":\"2021-12-01T18:45:09+00:00\",\"description\":\"Je prends les commandes d\u2019illustrations pour clients professionnels et particuliers ainsi que pour d\u2019autres cr\u00e9ations personnalisables comme la carterie.\",\"breadcrumb\":{\"@id\":\"https:\/\/pingouinartiste.net\/index.php\/produits-services\/#breadcrumb\"},\"inLanguage\":\"fr-FR\",\"potentialAction\":[{\"@type\":\"ReadAction\",\"target\":[\"https:\/\/pingouinartiste.net\/index.php\/produits-services\/\"]}]},{\"@type\":\"ImageObject\",\"inLanguage\":\"fr-FR\",\"@id\":\"https:\/\/pingouinartiste.net\/index.php\/produits-services\/#primaryimage\",\"url\":\"https:\/\/pingouinartiste.net\/wp-content\/uploads\/2021\/11\/Assemblage-produits-services.jpg\",\"contentUrl\":\"https:\/\/pingouinartiste.net\/wp-content\/uploads\/2021\/11\/Assemblage-produits-services.jpg\",\"width\":842,\"height\":595,\"caption\":\"Assemblage d'illustrations\"},{\"@type\":\"BreadcrumbList\",\"@id\":\"https:\/\/pingouinartiste.net\/index.php\/produits-services\/#breadcrumb\",\"itemListElement\":[{\"@type\":\"ListItem\",\"position\":1,\"name\":\"Accueil\",\"item\":\"https:\/\/pingouinartiste.net\/index.php\/page-daccueil-2\/\"},{\"@type\":\"ListItem\",\"position\":2,\"name\":\"Produits &#038; services\"}]},{\"@type\":\"WebSite\",\"@id\":\"https:\/\/pingouinartiste.net\/#website\",\"url\":\"https:\/\/pingouinartiste.net\/\",\"name\":\"Le Pingouin Artiste\",\"description\":\"Patricia E. - Illustratrice\",\"publisher\":{\"@id\":\"https:\/\/pingouinartiste.net\/#organization\"},\"potentialAction\":[{\"@type\":\"SearchAction\",\"target\":{\"@type\":\"EntryPoint\",\"urlTemplate\":\"https:\/\/pingouinartiste.net\/?s={search_term_string}\"},\"query-input\":{\"@type\":\"PropertyValueSpecification\",\"valueRequired\":true,\"valueName\":\"search_term_string\"}}],\"inLanguage\":\"fr-FR\"},{\"@type\":\"Organization\",\"@id\":\"https:\/\/pingouinartiste.net\/#organization\",\"name\":\"Le Pingouin Artiste\",\"url\":\"https:\/\/pingouinartiste.net\/\",\"logo\":{\"@type\":\"ImageObject\",\"inLanguage\":\"fr-FR\",\"@id\":\"https:\/\/pingouinartiste.net\/#\/schema\/logo\/image\/\",\"url\":\"https:\/\/pingouinartiste.net\/wp-content\/uploads\/2021\/11\/Logo-Le-Pingouin-Artiste-JPEG.jpg\",\"contentUrl\":\"https:\/\/pingouinartiste.net\/wp-content\/uploads\/2021\/11\/Logo-Le-Pingouin-Artiste-JPEG.jpg\",\"width\":1813,\"height\":1300,\"caption\":\"Le Pingouin Artiste\"},\"image\":{\"@id\":\"https:\/\/pingouinartiste.net\/#\/schema\/logo\/image\/\"}}]}<\/script>\n<!-- \/ Yoast SEO plugin. -->","yoast_head_json":{"title":"Produits & services - Le Pingouin Artiste - Illustratrice freelance Paris","description":"Je prends les commandes d\u2019illustrations pour clients professionnels et particuliers ainsi que pour d\u2019autres cr\u00e9ations personnalisables comme la carterie.","robots":{"index":"index","follow":"follow","max-snippet":"max-snippet:-1","max-image-preview":"max-image-preview:large","max-video-preview":"max-video-preview:-1"},"canonical":"https:\/\/pingouinartiste.net\/index.php\/produits-services\/","og_locale":"fr_FR","og_type":"article","og_title":"Produits & services - Le Pingouin Artiste - Illustratrice freelance Paris","og_description":"Je prends les commandes d\u2019illustrations pour clients professionnels et particuliers ainsi que pour d\u2019autres cr\u00e9ations personnalisables comme la carterie.","og_url":"https:\/\/pingouinartiste.net\/index.php\/produits-services\/","og_site_name":"Le Pingouin Artiste","article_modified_time":"2021-12-01T18:45:09+00:00","og_image":[{"url":"https:\/\/pingouinartiste.net\/wp-content\/uploads\/2021\/11\/Assemblage-produits-services.jpg","type":"","width":"","height":""}],"twitter_card":"summary_large_image","twitter_misc":{"Dur\u00e9e de lecture estim\u00e9e":"2 minutes"},"schema":{"@context":"https:\/\/schema.org","@graph":[{"@type":"WebPage","@id":"https:\/\/pingouinartiste.net\/index.php\/produits-services\/","url":"https:\/\/pingouinartiste.net\/index.php\/produits-services\/","name":"Produits & services - Le Pingouin Artiste - Illustratrice freelance Paris","isPartOf":{"@id":"https:\/\/pingouinartiste.net\/#website"},"primaryImageOfPage":{"@id":"https:\/\/pingouinartiste.net\/index.php\/produits-services\/#primaryimage"},"image":{"@id":"https:\/\/pingouinartiste.net\/index.php\/produits-services\/#primaryimage"},"thumbnailUrl":"https:\/\/pingouinartiste.net\/wp-content\/uploads\/2021\/11\/Assemblage-produits-services.jpg","datePublished":"2021-01-25T13:09:20+00:00","dateModified":"2021-12-01T18:45:09+00:00","description":"Je prends les commandes d\u2019illustrations pour clients professionnels et particuliers ainsi que pour d\u2019autres cr\u00e9ations personnalisables comme la carterie.","breadcrumb":{"@id":"https:\/\/pingouinartiste.net\/index.php\/produits-services\/#breadcrumb"},"inLanguage":"fr-FR","potentialAction":[{"@type":"ReadAction","target":["https:\/\/pingouinartiste.net\/index.php\/produits-services\/"]}]},{"@type":"ImageObject","inLanguage":"fr-FR","@id":"https:\/\/pingouinartiste.net\/index.php\/produits-services\/#primaryimage","url":"https:\/\/pingouinartiste.net\/wp-content\/uploads\/2021\/11\/Assemblage-produits-services.jpg","contentUrl":"https:\/\/pingouinartiste.net\/wp-content\/uploads\/2021\/11\/Assemblage-produits-services.jpg","width":842,"height":595,"caption":"Assemblage d'illustrations"},{"@type":"BreadcrumbList","@id":"https:\/\/pingouinartiste.net\/index.php\/produits-services\/#breadcrumb","itemListElement":[{"@type":"ListItem","position":1,"name":"Accueil","item":"https:\/\/pingouinartiste.net\/index.php\/page-daccueil-2\/"},{"@type":"ListItem","position":2,"name":"Produits &#038; services"}]},{"@type":"WebSite","@id":"https:\/\/pingouinartiste.net\/#website","url":"https:\/\/pingouinartiste.net\/","name":"Le Pingouin Artiste","description":"Patricia E. - Illustratrice","publisher":{"@id":"https:\/\/pingouinartiste.net\/#organization"},"potentialAction":[{"@type":"SearchAction","target":{"@type":"EntryPoint","urlTemplate":"https:\/\/pingouinartiste.net\/?s={search_term_string}"},"query-input":{"@type":"PropertyValueSpecification","valueRequired":true,"valueName":"search_term_string"}}],"inLanguage":"fr-FR"},{"@type":"Organization","@id":"https:\/\/pingouinartiste.net\/#organization","name":"Le Pingouin Artiste","url":"https:\/\/pingouinartiste.net\/","logo":{"@type":"ImageObject","inLanguage":"fr-FR","@id":"https:\/\/pingouinartiste.net\/#\/schema\/logo\/image\/","url":"https:\/\/pingouinartiste.net\/wp-content\/uploads\/2021\/11\/Logo-Le-Pingouin-Artiste-JPEG.jpg","contentUrl":"https:\/\/pingouinartiste.net\/wp-content\/uploads\/2021\/11\/Logo-Le-Pingouin-Artiste-JPEG.jpg","width":1813,"height":1300,"caption":"Le Pingouin Artiste"},"image":{"@id":"https:\/\/pingouinartiste.net\/#\/schema\/logo\/image\/"}}]}},"jetpack_sharing_enabled":true,"_links":{"self":[{"href":"https:\/\/pingouinartiste.net\/index.php\/wp-json\/wp\/v2\/pages\/1183","targetHints":{"allow":["GET"]}}],"collection":[{"href":"https:\/\/pingouinartiste.net\/index.php\/wp-json\/wp\/v2\/pages"}],"about":[{"href":"https:\/\/pingouinartiste.net\/index.php\/wp-json\/wp\/v2\/types\/page"}],"author":[{"embeddable":true,"href":"https:\/\/pingouinartiste.net\/index.php\/wp-json\/wp\/v2\/users\/1"}],"replies":[{"embeddable":true,"href":"https:\/\/pingouinartiste.net\/index.php\/wp-json\/wp\/v2\/comments?post=1183"}],"version-history":[{"count":167,"href":"https:\/\/pingouinartiste.net\/index.php\/wp-json\/wp\/v2\/pages\/1183\/revisions"}],"predecessor-version":[{"id":1755,"href":"https:\/\/pingouinartiste.net\/index.php\/wp-json\/wp\/v2\/pages\/1183\/revisions\/1755"}],"wp:attachment":[{"href":"https:\/\/pingouinartiste.net\/index.php\/wp-json\/wp\/v2\/media?parent=1183"}],"curies":[{"name":"wp","href":"https:\/\/api.w.org\/{rel}","templated":true}]}}